{"id":453,"date":"2021-03-01T12:07:06","date_gmt":"2021-03-01T11:07:06","guid":{"rendered":"https:\/\/koliberfood.com\/pour-lalimentation-et-les-boissons\/"},"modified":"2021-03-01T12:07:06","modified_gmt":"2021-03-01T11:07:06","slug":"pour-lalimentation-et-les-boissons","status":"publish","type":"page","link":"https:\/\/koliberfood.com\/fr\/pour-lalimentation-et-les-boissons\/","title":{"rendered":"Pour l&rsquo;alimentation et les boissons"},"content":{"rendered":"<p>[et_pb_section fb_built=\u00a0\u00bb1&Prime; _builder_version=\u00a0\u00bb4.16&Prime; _module_preset=\u00a0\u00bbdefault\u00a0\u00bb background_image=\u00a0\u00bbhttps:\/\/koliberfood.com\/wp-content\/uploads\/2021\/03\/KOLIBER-DLA-GASTRONOMII.jpg\u00a0\u00bb custom_padding=\u00a0\u00bb3%||13%||false|false\u00a0\u00bb global_colors_info=\u00a0\u00bb{}\u00a0\u00bb][et_pb_row column_structure=\u00a0\u00bb1_2,1_2&Prime; _builder_version=\u00a0\u00bb4.16&Prime; _module_preset=\u00a0\u00bbdefault\u00a0\u00bb width=\u00a0\u00bb75%\u00a0\u00bb max_width=\u00a0\u00bb100%\u00a0\u00bb global_colors_info=\u00a0\u00bb{}\u00a0\u00bb][et_pb_column type=\u00a0\u00bb1_2&Prime; _builder_version=\u00a0\u00bb4.16&Prime; _module_preset=\u00a0\u00bbdefault\u00a0\u00bb global_colors_info=\u00a0\u00bb{}\u00a0\u00bb][et_pb_text _builder_version=\u00a0\u00bb4.16&Prime; _module_preset=\u00a0\u00bbdefault\u00a0\u00bb text_font=\u00a0\u00bbPlayfair Display||||||||\u00a0\u00bb text_text_color=\u00a0\u00bb#FFFFFF\u00a0\u00bb text_font_size=\u00a0\u00bb50px\u00a0\u00bb text_line_height=\u00a0\u00bb1.6em\u00a0\u00bb text_font_size_tablet=\u00a0\u00bb45px\u00a0\u00bb text_font_size_phone=\u00a0\u00bb35px\u00a0\u00bb text_font_size_last_edited=\u00a0\u00bbon|phone\u00a0\u00bb text_line_height_tablet=\u00a0\u00bb\u00a0\u00bb text_line_height_phone=\u00a0\u00bb1.5em\u00a0\u00bb text_line_height_last_edited=\u00a0\u00bbon|phone\u00a0\u00bb global_colors_info=\u00a0\u00bb{}\u00a0\u00bb]<\/p>\n<p>Vous vous demandez<br \/> pourquoi vous devriez choisir<br \/> nos burgers ?<\/p>\n<p>[\/et_pb_text][et_pb_button button_text=\u00a0\u00bb6 reasons to say YES\u00a0\u00bb _builder_version=\u00a0\u00bb4.21.0&Prime; _module_preset=\u00a0\u00bbdefault\u00a0\u00bb custom_button=\u00a0\u00bbon\u00a0\u00bb button_text_size=\u00a0\u00bb32px\u00a0\u00bb button_text_color=\u00a0\u00bb#b48843&Prime; button_border_width=\u00a0\u00bb1px\u00a0\u00bb button_border_color=\u00a0\u00bb#FFFFFF\u00a0\u00bb button_border_radius=\u00a0\u00bb38px\u00a0\u00bb button_font=\u00a0\u00bbLobster||||||||\u00a0\u00bb button_use_icon=\u00a0\u00bboff\u00a0\u00bb custom_padding=\u00a0\u00bb0px||0px||true|false\u00a0\u00bb hover_enabled=\u00a0\u00bb0&Prime; button_text_size_tablet=\u00a0\u00bb28px\u00a0\u00bb button_text_size_phone=\u00a0\u00bb20px\u00a0\u00bb button_text_size_last_edited=\u00a0\u00bbon|phone\u00a0\u00bb global_colors_info=\u00a0\u00bb{}\u00a0\u00bb sticky_enabled=\u00a0\u00bb0&Prime;][\/et_pb_button][\/et_pb_column][et_pb_column type=\u00a0\u00bb1_2&Prime; _builder_version=\u00a0\u00bb4.16&Prime; _module_preset=\u00a0\u00bbdefault\u00a0\u00bb global_colors_info=\u00a0\u00bb{}\u00a0\u00bb][\/et_pb_column][\/et_pb_row][\/et_pb_section][et_pb_section fb_built=\u00a0\u00bb1&Prime; _builder_version=\u00a0\u00bb4.16&Prime; _module_preset=\u00a0\u00bbdefault\u00a0\u00bb global_colors_info=\u00a0\u00bb{}\u00a0\u00bb][et_pb_row _builder_version=\u00a0\u00bb4.16&Prime; _module_preset=\u00a0\u00bbdefault\u00a0\u00bb global_colors_info=\u00a0\u00bb{}\u00a0\u00bb][et_pb_column type=\u00a0\u00bb4_4&Prime; _builder_version=\u00a0\u00bb4.16&Prime; _module_preset=\u00a0\u00bbdefault\u00a0\u00bb global_colors_info=\u00a0\u00bb{}\u00a0\u00bb][et_pb_text _builder_version=\u00a0\u00bb4.16&Prime; _module_preset=\u00a0\u00bbdefault\u00a0\u00bb text_font=\u00a0\u00bbPlayfair Display||||||||\u00a0\u00bb text_text_color=\u00a0\u00bb#b48843&Prime; text_font_size=\u00a0\u00bb30px\u00a0\u00bb text_line_height=\u00a0\u00bb1.6em\u00a0\u00bb header_line_height=\u00a0\u00bb1.7em\u00a0\u00bb custom_margin=\u00a0\u00bb0px||||false|false\u00a0\u00bb custom_padding=\u00a0\u00bb0px||||false|false\u00a0\u00bb global_colors_info=\u00a0\u00bb{}\u00a0\u00bb]<\/p>\n<p style=\"text-align: center;\">Pourquoi devriez-vous nous choisir ?<\/p>\n<h4 style=\"text-align: center;\">Les 6 raisons pour lesquelles nous constituons le meilleur choix<\/h4>\n<p>[\/et_pb_text][\/et_pb_column][\/et_pb_row][et_pb_row column_structure=\u00a0\u00bb2_5,3_5&Prime; _builder_version=\u00a0\u00bb4.16&Prime; _module_preset=\u00a0\u00bbdefault\u00a0\u00bb width=\u00a0\u00bb70%\u00a0\u00bb max_width=\u00a0\u00bb100%\u00a0\u00bb global_colors_info=\u00a0\u00bb{}\u00a0\u00bb][et_pb_column type=\u00a0\u00bb2_5&Prime; _builder_version=\u00a0\u00bb4.16&Prime; _module_preset=\u00a0\u00bbdefault\u00a0\u00bb global_colors_info=\u00a0\u00bb{}\u00a0\u00bb][et_pb_image src=\u00a0\u00bbhttps:\/\/koliberfood.com\/wp-content\/uploads\/2021\/03\/Kopia-Bez-tytulu-12.png\u00a0\u00bb title_text=\u00a0\u00bbKopia Bez tytu\u0142u (12)\u00a0\u00bb align=\u00a0\u00bbright\u00a0\u00bb force_fullwidth=\u00a0\u00bbon\u00a0\u00bb _builder_version=\u00a0\u00bb4.16&Prime; _module_preset=\u00a0\u00bbdefault\u00a0\u00bb module_alignment=\u00a0\u00bbright\u00a0\u00bb custom_margin=\u00a0\u00bb||||false|false\u00a0\u00bb global_colors_info=\u00a0\u00bb{}\u00a0\u00bb][\/et_pb_image][\/et_pb_column][et_pb_column type=\u00a0\u00bb3_5&Prime; _builder_version=\u00a0\u00bb4.16&Prime; _module_preset=\u00a0\u00bbdefault\u00a0\u00bb global_colors_info=\u00a0\u00bb{}\u00a0\u00bb][et_pb_text admin_label=\u00a0\u00bb1&Prime; _builder_version=\u00a0\u00bb4.16&Prime; _module_preset=\u00a0\u00bbdefault\u00a0\u00bb text_font=\u00a0\u00bbPlayfair Display||||||||\u00a0\u00bb text_text_color=\u00a0\u00bb#b48843&Prime; text_font_size=\u00a0\u00bb25px\u00a0\u00bb header_font=\u00a0\u00bbPlayfair Display||||||||\u00a0\u00bb header_text_color=\u00a0\u00bb#b48843&Prime; background_enable_image=\u00a0\u00bboff\u00a0\u00bb background_size=\u00a0\u00bbcontain\u00a0\u00bb background_position=\u00a0\u00bbtop_left\u00a0\u00bb position_origin_r=\u00a0\u00bbtop_right\u00a0\u00bb horizontal_offset=\u00a0\u00bb-137px\u00a0\u00bb width=\u00a0\u00bb100%\u00a0\u00bb global_colors_info=\u00a0\u00bb{}\u00a0\u00bb]<\/p>\n<h1>01&prime; Optimisation des co\u00fbts<\/h1>\n<p>[\/et_pb_text][et_pb_text admin_label=\u00a0\u00bbTekst\u00a0\u00bb _builder_version=\u00a0\u00bb4.16&Prime; _module_preset=\u00a0\u00bbdefault\u00a0\u00bb text_font=\u00a0\u00bbPlayfair Display||on||||||\u00a0\u00bb text_font_size=\u00a0\u00bb25px\u00a0\u00bb text_line_height=\u00a0\u00bb1.3em\u00a0\u00bb global_colors_info=\u00a0\u00bb{}\u00a0\u00bb]<\/p>\n<p>Pour pr\u00e9parer les produits soi-m\u00eame, il faut beaucoup d&rsquo;\u00e9nergie, de temps et de personnel<\/p>\n<p>[\/et_pb_text][et_pb_text _builder_version=\u00a0\u00bb4.16&Prime; _module_preset=\u00a0\u00bbdefault\u00a0\u00bb text_font=\u00a0\u00bbLato|700|||||||\u00a0\u00bb text_text_color=\u00a0\u00bb#b48843&Prime; text_font_size=\u00a0\u00bb20px\u00a0\u00bb text_line_height=\u00a0\u00bb1.6em\u00a0\u00bb global_colors_info=\u00a0\u00bb{}\u00a0\u00bb]<\/p>\n<p>En achetant un produit fini, vous pouvez :<\/p>\n<p>[\/et_pb_text][et_pb_text _builder_version=\u00a0\u00bb4.16&Prime; _module_preset=\u00a0\u00bbdefault\u00a0\u00bb text_font=\u00a0\u00bbLato||||||||\u00a0\u00bb text_font_size=\u00a0\u00bb17px\u00a0\u00bb global_colors_info=\u00a0\u00bb{}\u00a0\u00bb]<\/p>\n<p class=\"Standard\">R\u00e9duire votre personnel, tout en \u00e9vitant les co\u00fbts li\u00e9s \u00e0 l&#8217;embauche d&#8217;employ\u00e9s suppl\u00e9mentaires et, par cons\u00e9quent, augmenter la rentabilit\u00e9 de votre entreprise<o:p><\/o:p><\/p>\n<p class=\"Standard\">\u00c9conomiser du temps et de l&rsquo;argent<o:p><\/o:p><\/p>\n<p class=\"Standard\">\u00c9viter de perdre du temps \u00e0 s\u00e9lectionner les mati\u00e8res premi\u00e8res appropri\u00e9es &#8211; nous nous en chargeons<o:p><\/o:p><\/p>\n<p class=\"Standard\">R\u00e9duire les co\u00fbts li\u00e9s aux d\u00e9chets de post-production et aux quantit\u00e9s inappropri\u00e9es de produits pr\u00e9par\u00e9s par rapport \u00e0 la demande actuelle de vos clients. En utilisant des burgers surgel\u00e9s, vous pouvez choisir le nombre de produits et le moment o\u00f9 vous les utilisez. Vous n&rsquo;\u00eates pas esclave des produits dont la dur\u00e9e de conservation est courte et vous pouvez conserver leur saveur d\u00e9licieuse sans perdre leurs pr\u00e9cieux nutriments.<o:p><\/o:p><\/p>\n<p class=\"Standard\">Vous pouvez compter sur des produits de qualit\u00e9 identique et reproductible &#8211; nous sommes charg\u00e9s de veiller \u00e0 ce que chaque produit ait la m\u00eame qualit\u00e9 parfaite, en prenant toutes les mesures n\u00e9cessaires pour les tests inter-processus de tous les ingr\u00e9dients \u00e0 chaque \u00e9tape du processus de fabrication.<o:p><\/o:p><\/p>\n<p>[\/et_pb_text][et_pb_text _builder_version=\u00a0\u00bb4.16&Prime; _module_preset=\u00a0\u00bbdefault\u00a0\u00bb text_font=\u00a0\u00bbLato||||||||\u00a0\u00bb text_font_size=\u00a0\u00bb18px\u00a0\u00bb global_colors_info=\u00a0\u00bb{}\u00a0\u00bb]<\/p>\n<p class=\"Standard\">Ainsi, vos clients reviennent l\u00e0 o\u00f9 ils appr\u00e9cient le go\u00fbt.<o:p><\/o:p><\/p>\n<p>[\/et_pb_text][\/et_pb_column][\/et_pb_row][\/et_pb_section][et_pb_section fb_built=\u00a0\u00bb1&Prime; admin_label=\u00a0\u00bbaaa\u00a0\u00bb _builder_version=\u00a0\u00bb4.16&Prime; _module_preset=\u00a0\u00bbdefault\u00a0\u00bb background_enable_color=\u00a0\u00bboff\u00a0\u00bb background_image=\u00a0\u00bbhttps:\/\/koliberfood.com\/wp-content\/uploads\/2021\/02\/Projekt-bez-tytulu-2021-02-25T125049.094.png\u00a0\u00bb background_size=\u00a0\u00bbinitial\u00a0\u00bb background_position=\u00a0\u00bbtop_center\u00a0\u00bb custom_margin=\u00a0\u00bb||||false|false\u00a0\u00bb custom_padding=\u00a0\u00bb||0px||false|false\u00a0\u00bb background_color_tablet=\u00a0\u00bb#f6f6f6&Prime; background_color_phone=\u00a0\u00bb#f6f6f6&Prime; background_last_edited=\u00a0\u00bbon|phone\u00a0\u00bb background_enable_color_tablet=\u00a0\u00bbon\u00a0\u00bb background_enable_color_phone=\u00a0\u00bbon\u00a0\u00bb global_colors_info=\u00a0\u00bb{}\u00a0\u00bb][et_pb_row column_structure=\u00a0\u00bb2_5,3_5&Prime; _builder_version=\u00a0\u00bb4.16&Prime; _module_preset=\u00a0\u00bbdefault\u00a0\u00bb width=\u00a0\u00bb70%\u00a0\u00bb max_width=\u00a0\u00bb100%\u00a0\u00bb global_colors_info=\u00a0\u00bb{}\u00a0\u00bb][et_pb_column type=\u00a0\u00bb2_5&Prime; _builder_version=\u00a0\u00bb4.16&Prime; _module_preset=\u00a0\u00bbdefault\u00a0\u00bb custom_padding=\u00a0\u00bb||||false|false\u00a0\u00bb global_colors_info=\u00a0\u00bb{}\u00a0\u00bb][et_pb_image src=\u00a0\u00bbhttps:\/\/koliberfood.com\/wp-content\/uploads\/2021\/03\/burgery-w-paczce.png\u00a0\u00bb title_text=\u00a0\u00bbburgery w paczce\u00a0\u00bb align=\u00a0\u00bbright\u00a0\u00bb force_fullwidth=\u00a0\u00bbon\u00a0\u00bb _builder_version=\u00a0\u00bb4.16&Prime; _module_preset=\u00a0\u00bbdefault\u00a0\u00bb module_alignment=\u00a0\u00bbright\u00a0\u00bb custom_margin=\u00a0\u00bb||||false|false\u00a0\u00bb custom_padding_tablet=\u00a0\u00bb\u00a0\u00bb custom_padding_phone=\u00a0\u00bb||||false|false\u00a0\u00bb custom_padding_last_edited=\u00a0\u00bbon|phone\u00a0\u00bb global_colors_info=\u00a0\u00bb{}\u00a0\u00bb][\/et_pb_image][\/et_pb_column][et_pb_column type=\u00a0\u00bb3_5&Prime; _builder_version=\u00a0\u00bb4.16&Prime; _module_preset=\u00a0\u00bbdefault\u00a0\u00bb custom_padding=\u00a0\u00bb100px||||false|false\u00a0\u00bb global_colors_info=\u00a0\u00bb{}\u00a0\u00bb][et_pb_text admin_label=\u00a0\u00bb1&Prime; _builder_version=\u00a0\u00bb4.16&Prime; _module_preset=\u00a0\u00bbdefault\u00a0\u00bb text_font=\u00a0\u00bbPlayfair Display||||||||\u00a0\u00bb text_text_color=\u00a0\u00bb#b48843&Prime; text_font_size=\u00a0\u00bb25px\u00a0\u00bb header_font=\u00a0\u00bbPlayfair Display||||||||\u00a0\u00bb header_text_color=\u00a0\u00bb#b48843&Prime; background_enable_image=\u00a0\u00bboff\u00a0\u00bb background_size=\u00a0\u00bbcontain\u00a0\u00bb background_position=\u00a0\u00bbtop_left\u00a0\u00bb position_origin_r=\u00a0\u00bbtop_right\u00a0\u00bb horizontal_offset=\u00a0\u00bb-137px\u00a0\u00bb width=\u00a0\u00bb100%\u00a0\u00bb custom_margin_tablet=\u00a0\u00bb-30px||||false|false\u00a0\u00bb custom_margin_phone=\u00a0\u00bb-60px||||false|false\u00a0\u00bb custom_margin_last_edited=\u00a0\u00bbon|desktop\u00a0\u00bb global_colors_info=\u00a0\u00bb{}\u00a0\u00bb]<\/p>\n<h1>02\u2019 S\u00e9curit\u00e9 du produit<\/h1>\n<p>[\/et_pb_text][et_pb_text admin_label=\u00a0\u00bbTekst\u00a0\u00bb _builder_version=\u00a0\u00bb4.16&Prime; _module_preset=\u00a0\u00bbdefault\u00a0\u00bb text_font=\u00a0\u00bbPlayfair Display||on||||||\u00a0\u00bb text_font_size=\u00a0\u00bb25px\u00a0\u00bb text_line_height=\u00a0\u00bb1.3em\u00a0\u00bb global_colors_info=\u00a0\u00bb{}\u00a0\u00bb]<\/p>\n<p>Le plus important est l&rsquo;hygi\u00e8ne du processus de fabrication.<\/p>\n<p>[\/et_pb_text][et_pb_text _builder_version=\u00a0\u00bb4.16&Prime; _module_preset=\u00a0\u00bbdefault\u00a0\u00bb text_font=\u00a0\u00bbLato||||||||\u00a0\u00bb text_font_size=\u00a0\u00bb17px\u00a0\u00bb text_line_height=\u00a0\u00bb1.6em\u00a0\u00bb global_colors_info=\u00a0\u00bb{}\u00a0\u00bb]<\/p>\n<p>En ces temps de risques viraux accrus, l&rsquo;hygi\u00e8ne du processus est devenue extr\u00eamement importante. Plus il y a de personnes en contact avec un produit, moins celui-ci est s\u00fbr. NOUS sommes enti\u00e8rement responsables de sa s\u00e9curit\u00e9 microbiologique.<\/p>\n<p>[\/et_pb_text][et_pb_text admin_label=\u00a0\u00bb1&Prime; _builder_version=\u00a0\u00bb4.16&Prime; _module_preset=\u00a0\u00bbdefault\u00a0\u00bb text_font=\u00a0\u00bbPlayfair Display||||||||\u00a0\u00bb text_text_color=\u00a0\u00bb#b48843&Prime; text_font_size=\u00a0\u00bb25px\u00a0\u00bb header_font=\u00a0\u00bbPlayfair Display||||||||\u00a0\u00bb header_text_color=\u00a0\u00bb#b48843&Prime; background_enable_image=\u00a0\u00bboff\u00a0\u00bb background_size=\u00a0\u00bbcontain\u00a0\u00bb background_position=\u00a0\u00bbtop_left\u00a0\u00bb position_origin_r=\u00a0\u00bbtop_right\u00a0\u00bb horizontal_offset=\u00a0\u00bb-137px\u00a0\u00bb width=\u00a0\u00bb100%\u00a0\u00bb global_colors_info=\u00a0\u00bb{}\u00a0\u00bb]<\/p>\n<h1>03\u2019 Conditionnement compatible<\/h1>\n<p>[\/et_pb_text][et_pb_text admin_label=\u00a0\u00bbTekst\u00a0\u00bb _builder_version=\u00a0\u00bb4.16&Prime; _module_preset=\u00a0\u00bbdefault\u00a0\u00bb text_font=\u00a0\u00bbPlayfair Display||on||||||\u00a0\u00bb text_font_size=\u00a0\u00bb25px\u00a0\u00bb text_line_height=\u00a0\u00bb1.3em\u00a0\u00bb global_colors_info=\u00a0\u00bb{}\u00a0\u00bb]<\/p>\n<p>Emballage herm\u00e9tique, adapt\u00e9 \u00e0 la cong\u00e9lation<\/p>\n<p>[\/et_pb_text][et_pb_text _builder_version=\u00a0\u00bb4.16&Prime; _module_preset=\u00a0\u00bbdefault\u00a0\u00bb text_font=\u00a0\u00bbLato||||||||\u00a0\u00bb text_font_size=\u00a0\u00bb17px\u00a0\u00bb text_line_height=\u00a0\u00bb1.6em\u00a0\u00bb global_colors_info=\u00a0\u00bb{}\u00a0\u00bb]<\/p>\n<p>Cela vous permet d&rsquo;\u00e9viter les dates de p\u00e9remption, car sa forme congel\u00e9e vous permet de profiter de nos produits pendant beaucoup plus longtemps, en les conservant sur une p\u00e9riode de temps qui vous convient.<\/p>\n<p>[\/et_pb_text][\/et_pb_column][\/et_pb_row][et_pb_row custom_padding_last_edited=\u00a0\u00bbon|tablet\u00a0\u00bb _builder_version=\u00a0\u00bb4.16&Prime; _module_preset=\u00a0\u00bbdefault\u00a0\u00bb background_enable_image=\u00a0\u00bboff\u00a0\u00bb width=\u00a0\u00bb100%\u00a0\u00bb max_width=\u00a0\u00bb100%\u00a0\u00bb custom_margin=\u00a0\u00bb||||false|false\u00a0\u00bb custom_padding=\u00a0\u00bb0px||0px||true|false\u00a0\u00bb custom_padding_tablet=\u00a0\u00bb50px||50px||true|false\u00a0\u00bb custom_padding_phone=\u00a0\u00bb\u00a0\u00bb background_last_edited=\u00a0\u00bbon|tablet\u00a0\u00bb background_image_tablet=\u00a0\u00bbhttps:\/\/koliberfood.com\/wp-content\/uploads\/2021\/02\/Projekt-bez-tytulu-2021-02-25T135112.408.png\u00a0\u00bb background_image_phone=\u00a0\u00bbhttps:\/\/koliberfood.com\/wp-content\/uploads\/2021\/02\/Projekt-bez-tytulu-2021-02-25T135112.408.png\u00a0\u00bb background_enable_image_tablet=\u00a0\u00bbon\u00a0\u00bb background_enable_image_phone=\u00a0\u00bbon\u00a0\u00bb background_size_tablet=\u00a0\u00bbinitial\u00a0\u00bb background_size_phone=\u00a0\u00bbinitial\u00a0\u00bb global_colors_info=\u00a0\u00bb{}\u00a0\u00bb][et_pb_column type=\u00a0\u00bb4_4&Prime; _builder_version=\u00a0\u00bb4.16&Prime; _module_preset=\u00a0\u00bbdefault\u00a0\u00bb global_colors_info=\u00a0\u00bb{}\u00a0\u00bb][et_pb_image src=\u00a0\u00bbhttps:\/\/koliberfood.com\/wp-content\/uploads\/2021\/02\/Projekt-bez-tytulu-2021-02-25T135757.558.png\u00a0\u00bb title_text=\u00a0\u00bbProjekt bez tytu\u0142u &#8211; 2021-02-25T135757.558&Prime; align=\u00a0\u00bbcenter\u00a0\u00bb src_tablet=\u00a0\u00bb\u00a0\u00bb src_phone=\u00a0\u00bb\u00a0\u00bb src_last_edited=\u00a0\u00bbon|desktop\u00a0\u00bb disabled_on=\u00a0\u00bbon|on|off\u00a0\u00bb _builder_version=\u00a0\u00bb4.16&Prime; _module_preset=\u00a0\u00bbdefault\u00a0\u00bb custom_margin=\u00a0\u00bb||||false|false\u00a0\u00bb global_colors_info=\u00a0\u00bb{}\u00a0\u00bb][\/et_pb_image][\/et_pb_column][\/et_pb_row][\/et_pb_section][et_pb_section fb_built=\u00a0\u00bb1&Prime; admin_label=\u00a0\u00bb4&Prime; _builder_version=\u00a0\u00bb4.16&Prime; _module_preset=\u00a0\u00bbdefault\u00a0\u00bb background_color=\u00a0\u00bb#FFFFFF\u00a0\u00bb background_enable_image=\u00a0\u00bboff\u00a0\u00bb background_size=\u00a0\u00bbinitial\u00a0\u00bb background_position=\u00a0\u00bbtop_center\u00a0\u00bb custom_margin=\u00a0\u00bb||||false|false\u00a0\u00bb custom_padding=\u00a0\u00bb||||false|false\u00a0\u00bb global_colors_info=\u00a0\u00bb{}\u00a0\u00bb][et_pb_row column_structure=\u00a0\u00bb2_5,3_5&Prime; make_equal=\u00a0\u00bbon\u00a0\u00bb _builder_version=\u00a0\u00bb4.16&Prime; _module_preset=\u00a0\u00bbdefault\u00a0\u00bb width=\u00a0\u00bb70%\u00a0\u00bb max_width=\u00a0\u00bb100%\u00a0\u00bb custom_margin=\u00a0\u00bb-20px||||false|false\u00a0\u00bb custom_padding=\u00a0\u00bb||||false|false\u00a0\u00bb global_colors_info=\u00a0\u00bb{}\u00a0\u00bb][et_pb_column type=\u00a0\u00bb2_5&Prime; _builder_version=\u00a0\u00bb4.16&Prime; _module_preset=\u00a0\u00bbdefault\u00a0\u00bb custom_padding=\u00a0\u00bb||||false|false\u00a0\u00bb global_colors_info=\u00a0\u00bb{}\u00a0\u00bb][et_pb_image src=\u00a0\u00bbhttps:\/\/koliberfood.com\/wp-content\/uploads\/2021\/02\/burger-02.jpg\u00a0\u00bb title_text=\u00a0\u00bbburger 02&Prime; align=\u00a0\u00bbright\u00a0\u00bb force_fullwidth=\u00a0\u00bbon\u00a0\u00bb _builder_version=\u00a0\u00bb4.16&Prime; _module_preset=\u00a0\u00bbdefault\u00a0\u00bb module_alignment=\u00a0\u00bbright\u00a0\u00bb custom_margin=\u00a0\u00bb5px||||false|false\u00a0\u00bb global_colors_info=\u00a0\u00bb{}\u00a0\u00bb][\/et_pb_image][\/et_pb_column][et_pb_column type=\u00a0\u00bb3_5&Prime; _builder_version=\u00a0\u00bb4.16&Prime; _module_preset=\u00a0\u00bbdefault\u00a0\u00bb custom_padding=\u00a0\u00bb||||false|false\u00a0\u00bb global_colors_info=\u00a0\u00bb{}\u00a0\u00bb][et_pb_text admin_label=\u00a0\u00bb1&Prime; _builder_version=\u00a0\u00bb4.16&Prime; _module_preset=\u00a0\u00bbdefault\u00a0\u00bb text_font=\u00a0\u00bbPlayfair Display||||||||\u00a0\u00bb text_text_color=\u00a0\u00bb#b48843&Prime; text_font_size=\u00a0\u00bb25px\u00a0\u00bb header_font=\u00a0\u00bbPlayfair Display||||||||\u00a0\u00bb header_text_color=\u00a0\u00bb#b48843&Prime; background_enable_image=\u00a0\u00bboff\u00a0\u00bb background_size=\u00a0\u00bbcontain\u00a0\u00bb background_position=\u00a0\u00bbtop_left\u00a0\u00bb position_origin_r=\u00a0\u00bbtop_right\u00a0\u00bb horizontal_offset=\u00a0\u00bb-137px\u00a0\u00bb width=\u00a0\u00bb100%\u00a0\u00bb global_colors_info=\u00a0\u00bb{}\u00a0\u00bb]<\/p>\n<h1>04\u2019 La diversit\u00e9 \u00e0 port\u00e9e de main<\/h1>\n<p>[\/et_pb_text][et_pb_text admin_label=\u00a0\u00bbTekst\u00a0\u00bb _builder_version=\u00a0\u00bb4.16&Prime; _module_preset=\u00a0\u00bbdefault\u00a0\u00bb text_font=\u00a0\u00bbPlayfair Display||on||||||\u00a0\u00bb text_font_size=\u00a0\u00bb25px\u00a0\u00bb text_line_height=\u00a0\u00bb1.3em\u00a0\u00bb global_colors_info=\u00a0\u00bb{}\u00a0\u00bb]<\/p>\n<p> Sp\u00e9cialement pour vous, notre produit est la quintessence de ce que devrait \u00eatre un burger<\/p>\n<p>[\/et_pb_text][et_pb_text _builder_version=\u00a0\u00bb4.16&Prime; _module_preset=\u00a0\u00bbdefault\u00a0\u00bb text_font=\u00a0\u00bbLato||||||||\u00a0\u00bb text_font_size=\u00a0\u00bb17px\u00a0\u00bb text_line_height=\u00a0\u00bb1.6em\u00a0\u00bb global_colors_info=\u00a0\u00bb{}\u00a0\u00bb]<\/p>\n<p>Nous souhaitons que vous puissiez profiter d&rsquo;une large s\u00e9lection de produits dans votre restaurant, et ce sans trop d&rsquo;efforts. Nous avons tout ce qu&rsquo;il faut pour atteindre la perfection en mati\u00e8re de burgers. Nos burgers ne se limitent pas \u00e0 des saveurs diff\u00e9rentes &#8211; ils ont aussi des prix diff\u00e9rents, ce qui vous permet de choisir facilement les produits qui conviennent \u00e0 vos clients.<\/p>\n<p>[\/et_pb_text][et_pb_text admin_label=\u00a0\u00bb1&Prime; _builder_version=\u00a0\u00bb4.16&Prime; _module_preset=\u00a0\u00bbdefault\u00a0\u00bb text_font=\u00a0\u00bbPlayfair Display||||||||\u00a0\u00bb text_text_color=\u00a0\u00bb#b48843&Prime; text_font_size=\u00a0\u00bb25px\u00a0\u00bb header_font=\u00a0\u00bbPlayfair Display||||||||\u00a0\u00bb header_text_color=\u00a0\u00bb#b48843&Prime; background_enable_image=\u00a0\u00bboff\u00a0\u00bb background_size=\u00a0\u00bbcontain\u00a0\u00bb background_position=\u00a0\u00bbtop_left\u00a0\u00bb position_origin_r=\u00a0\u00bbtop_right\u00a0\u00bb horizontal_offset=\u00a0\u00bb-137px\u00a0\u00bb width=\u00a0\u00bb100%\u00a0\u00bb global_colors_info=\u00a0\u00bb{}\u00a0\u00bb]<\/p>\n<h1>05\u2019 R\u00e9seau de distribution<\/h1>\n<p>[\/et_pb_text][et_pb_text admin_label=\u00a0\u00bbTekst\u00a0\u00bb _builder_version=\u00a0\u00bb4.16&Prime; _module_preset=\u00a0\u00bbdefault\u00a0\u00bb text_font=\u00a0\u00bbPlayfair Display||on||||||\u00a0\u00bb text_font_size=\u00a0\u00bb25px\u00a0\u00bb text_line_height=\u00a0\u00bb1.3em\u00a0\u00bb global_colors_info=\u00a0\u00bb{}\u00a0\u00bb]<\/p>\n<p>Des contacts fiables et une excellente qualit\u00e9<\/p>\n<p>[\/et_pb_text][et_pb_text _builder_version=\u00a0\u00bb4.16&Prime; _module_preset=\u00a0\u00bbdefault\u00a0\u00bb text_font=\u00a0\u00bbLato||||||||\u00a0\u00bb text_font_size=\u00a0\u00bb17px\u00a0\u00bb text_line_height=\u00a0\u00bb1.6em\u00a0\u00bb global_colors_info=\u00a0\u00bb{}\u00a0\u00bb]<\/p>\n<p>Nous vous fournissons les adresses de nos distributeurs fiables et performants, qui assurent un excellent service \u00e0 la client\u00e8le et offrent une assistance.<\/p>\n<p>[\/et_pb_text][et_pb_text admin_label=\u00a0\u00bb1&Prime; _builder_version=\u00a0\u00bb4.16&Prime; _module_preset=\u00a0\u00bbdefault\u00a0\u00bb text_font=\u00a0\u00bbPlayfair Display||||||||\u00a0\u00bb text_text_color=\u00a0\u00bb#b48843&Prime; text_font_size=\u00a0\u00bb25px\u00a0\u00bb header_font=\u00a0\u00bbPlayfair Display||||||||\u00a0\u00bb header_text_color=\u00a0\u00bb#b48843&Prime; background_enable_image=\u00a0\u00bboff\u00a0\u00bb background_size=\u00a0\u00bbcontain\u00a0\u00bb background_position=\u00a0\u00bbtop_left\u00a0\u00bb position_origin_r=\u00a0\u00bbtop_right\u00a0\u00bb horizontal_offset=\u00a0\u00bb-137px\u00a0\u00bb width=\u00a0\u00bb100%\u00a0\u00bb global_colors_info=\u00a0\u00bb{}\u00a0\u00bb]<\/p>\n<h1>06\u2019 Nous sommes l\u00e0 pour vous<\/h1>\n<p>[\/et_pb_text][et_pb_text admin_label=\u00a0\u00bbTekst\u00a0\u00bb _builder_version=\u00a0\u00bb4.16&Prime; _module_preset=\u00a0\u00bbdefault\u00a0\u00bb text_font=\u00a0\u00bbPlayfair Display||on||||||\u00a0\u00bb text_font_size=\u00a0\u00bb25px\u00a0\u00bb text_line_height=\u00a0\u00bb1.3em\u00a0\u00bb global_colors_info=\u00a0\u00bb{}\u00a0\u00bb]<\/p>\n<p>Respect des exigences<\/p>\n<p>[\/et_pb_text][et_pb_text _builder_version=\u00a0\u00bb4.16&Prime; _module_preset=\u00a0\u00bbdefault\u00a0\u00bb text_font=\u00a0\u00bbLato||||||||\u00a0\u00bb text_font_size=\u00a0\u00bb17px\u00a0\u00bb text_line_height=\u00a0\u00bb1.6em\u00a0\u00bb global_colors_info=\u00a0\u00bb{}\u00a0\u00bb]<\/p>\n<p>Bien que nous r\u00e9pondions \u00e0 toutes les normes mondiales en mati\u00e8re de s\u00e9curit\u00e9 alimentaire, nous restons une entreprise familiale, donc plus proche de vous. Nous sommes l\u00e0 pour vous conseiller et vous accompagner, tout en \u00e9tant \u00e0 l&rsquo;\u00e9coute de vos besoins.<\/p>\n<p>[\/et_pb_text][\/et_pb_column][\/et_pb_row][\/et_pb_section][et_pb_section fb_built=\u00a0\u00bb1&Prime; _builder_version=\u00a0\u00bb4.16&Prime; _module_preset=\u00a0\u00bbdefault\u00a0\u00bb background_enable_image=\u00a0\u00bboff\u00a0\u00bb custom_padding=\u00a0\u00bb0px||0px||false|false\u00a0\u00bb global_colors_info=\u00a0\u00bb{}\u00a0\u00bb][et_pb_row _builder_version=\u00a0\u00bb4.16&Prime; _module_preset=\u00a0\u00bbdefault\u00a0\u00bb background_image=\u00a0\u00bbhttps:\/\/koliberfood.com\/wp-content\/uploads\/2021\/03\/brush-czarny.png\u00a0\u00bb background_size=\u00a0\u00bbinitial\u00a0\u00bb width=\u00a0\u00bb100%\u00a0\u00bb max_width=\u00a0\u00bb100%\u00a0\u00bb global_colors_info=\u00a0\u00bb{}\u00a0\u00bb][et_pb_column type=\u00a0\u00bb4_4&Prime; _builder_version=\u00a0\u00bb4.16&Prime; _module_preset=\u00a0\u00bbdefault\u00a0\u00bb global_colors_info=\u00a0\u00bb{}\u00a0\u00bb][\/et_pb_column][\/et_pb_row][\/et_pb_section]<\/p>\n","protected":false},"excerpt":{"rendered":"<p>Vous vous demandez pourquoi vous devriez choisir nos burgers ?Pourquoi devriez-vous nous choisir ? Les 6 raisons pour lesquelles nous constituons le meilleur choix01&prime; Optimisation des co\u00fbtsPour pr\u00e9parer les produits soi-m\u00eame, il faut beaucoup d&rsquo;\u00e9nergie, de temps et de personnelEn achetant un produit fini, vous pouvez :R\u00e9duire votre personnel, tout en \u00e9vitant les co\u00fbts li\u00e9s [&hellip;]<\/p>\n","protected":false},"author":2,"featured_media":0,"parent":0,"menu_order":0,"comment_status":"closed","ping_status":"closed","template":"","meta":{"_et_pb_use_builder":"on","_et_pb_old_content":"","_et_gb_content_width":"","footnotes":""},"class_list":["post-453","page","type-page","status-publish","hentry"],"_links":{"self":[{"href":"https:\/\/koliberfood.com\/fr\/wp-json\/wp\/v2\/pages\/453","targetHints":{"allow":["GET"]}}],"collection":[{"href":"https:\/\/koliberfood.com\/fr\/wp-json\/wp\/v2\/pages"}],"about":[{"href":"https:\/\/koliberfood.com\/fr\/wp-json\/wp\/v2\/types\/page"}],"author":[{"embeddable":true,"href":"https:\/\/koliberfood.com\/fr\/wp-json\/wp\/v2\/users\/2"}],"replies":[{"embeddable":true,"href":"https:\/\/koliberfood.com\/fr\/wp-json\/wp\/v2\/comments?post=453"}],"version-history":[{"count":0,"href":"https:\/\/koliberfood.com\/fr\/wp-json\/wp\/v2\/pages\/453\/revisions"}],"wp:attachment":[{"href":"https:\/\/koliberfood.com\/fr\/wp-json\/wp\/v2\/media?parent=453"}],"curies":[{"name":"wp","href":"https:\/\/api.w.org\/{rel}","templated":true}]}}