{"id":455,"date":"2021-03-02T11:12:53","date_gmt":"2021-03-02T10:12:53","guid":{"rendered":"https:\/\/koliberfood.com\/waar-kun-je-het-kopen\/"},"modified":"2023-09-11T11:16:36","modified_gmt":"2023-09-11T09:16:36","slug":"waar-kun-je-het-kopen","status":"publish","type":"page","link":"https:\/\/koliberfood.com\/nl\/waar-kun-je-het-kopen\/","title":{"rendered":"Waar kun je het kopen?"},"content":{"rendered":"<p>[et_pb_section fb_built=&#8221;1&#8243; _builder_version=&#8221;4.16&#8243; _module_preset=&#8221;default&#8221; background_image=&#8221;https:\/\/koliberfood.com\/wp-content\/uploads\/2021\/03\/banner-podstrona-ver-2.jpg&#8221; custom_padding=&#8221;9%||9%||true|false&#8221; global_colors_info=&#8221;{}&#8221;][et_pb_row column_structure=&#8221;1_2,1_2&#8243; _builder_version=&#8221;4.16&#8243; _module_preset=&#8221;default&#8221; global_colors_info=&#8221;{}&#8221;][et_pb_column type=&#8221;1_2&#8243; _builder_version=&#8221;4.16&#8243; _module_preset=&#8221;default&#8221; global_colors_info=&#8221;{}&#8221;][et_pb_text _builder_version=&#8221;4.16&#8243; _module_preset=&#8221;default&#8221; text_font=&#8221;Playfair Display||||||||&#8221; text_text_color=&#8221;#FFFFFF&#8221; text_font_size=&#8221;50px&#8221; text_line_height=&#8221;1.5em&#8221; text_font_size_tablet=&#8221;45px&#8221; text_font_size_phone=&#8221;40px&#8221; text_font_size_last_edited=&#8221;on|phone&#8221; global_colors_info=&#8221;{}&#8221;]<\/p>\n<p>Zijn onze burgers<br \/>onze burgers moet gaan?<\/p>\n<p>[\/et_pb_text][et_pb_button button_text=&#8221;Nearest addresses&#8221; _builder_version=&#8221;4.21.0&#8243; _module_preset=&#8221;default&#8221; custom_button=&#8221;on&#8221; button_text_size=&#8221;32px&#8221; button_text_color=&#8221;#b48843&#8243; button_border_width=&#8221;1px&#8221; button_border_color=&#8221;#FFFFFF&#8221; button_border_radius=&#8221;38px&#8221; button_font=&#8221;Lobster||||||||&#8221; button_use_icon=&#8221;off&#8221; custom_padding=&#8221;0px||0px||true|false&#8221; button_text_size_tablet=&#8221;28px&#8221; button_text_size_phone=&#8221;20px&#8221; button_text_size_last_edited=&#8221;on|phone&#8221; global_colors_info=&#8221;{}&#8221;][\/et_pb_button][\/et_pb_column][et_pb_column type=&#8221;1_2&#8243; _builder_version=&#8221;4.16&#8243; _module_preset=&#8221;default&#8221; global_colors_info=&#8221;{}&#8221;][\/et_pb_column][\/et_pb_row][\/et_pb_section][et_pb_section fb_built=&#8221;1&#8243; _builder_version=&#8221;4.16&#8243; _module_preset=&#8221;default&#8221; background_enable_image=&#8221;off&#8221; background_position=&#8221;bottom_right&#8221; background_repeat=&#8221;repeat-y&#8221; custom_margin=&#8221;0px||||false|false&#8221; custom_padding=&#8221;0px||0px||false|false&#8221; global_colors_info=&#8221;{}&#8221;][et_pb_row _builder_version=&#8221;4.16&#8243; _module_preset=&#8221;default&#8221; global_colors_info=&#8221;{}&#8221;][et_pb_column type=&#8221;4_4&#8243; _builder_version=&#8221;4.16&#8243; _module_preset=&#8221;default&#8221; global_colors_info=&#8221;{}&#8221;][et_pb_text _builder_version=&#8221;4.16&#8243; _module_preset=&#8221;default&#8221; text_font=&#8221;Playfair Display||||||||&#8221; text_text_color=&#8221;#b48843&#8243; text_font_size=&#8221;30px&#8221; text_line_height=&#8221;1.6em&#8221; header_line_height=&#8221;1.7em&#8221; custom_margin=&#8221;0px||||false|false&#8221; custom_padding=&#8221;0px||||false|false&#8221; global_colors_info=&#8221;{}&#8221;]<\/p>\n<p style=\"text-align: center;\">Waar kun je het kopen?<\/p>\n<h4 style=\"text-align: center;\">Vind onze burgers bij jou in de buurt en probeer ze uit<\/h4>\n<p>[\/et_pb_text][\/et_pb_column][\/et_pb_row][et_pb_row column_structure=&#8221;1_2,1_2&#8243; _builder_version=&#8221;4.16&#8243; _module_preset=&#8221;default&#8221; width=&#8221;70%&#8221; max_width=&#8221;100%&#8221; global_colors_info=&#8221;{}&#8221;][et_pb_column type=&#8221;1_2&#8243; _builder_version=&#8221;4.16&#8243; _module_preset=&#8221;default&#8221; global_colors_info=&#8221;{}&#8221;][et_pb_text _builder_version=&#8221;4.22.1&#8243; _module_preset=&#8221;default&#8221; header_font=&#8221;Playfair Display|||on|||||&#8221; header_text_color=&#8221;#b48843&#8243; header_font_size=&#8221;100px&#8221; header_6_font=&#8221;Playfair Display||||||||&#8221; header_6_text_color=&#8221;#b48843&#8243; header_6_font_size=&#8221;30px&#8221; hover_enabled=&#8221;0&#8243; global_colors_info=&#8221;{}&#8221; sticky_enabled=&#8221;0&#8243;]<\/p>\n<h6>Alis Distribution<\/h6>\n<p>Frankrijk en Belgi\u00eb<\/p>\n<p>[\/et_pb_text][et_pb_divider color=&#8221;#b48843&#8243; divider_position=&#8221;bottom&#8221; _builder_version=&#8221;4.16&#8243; _module_preset=&#8221;default&#8221; width=&#8221;45%&#8221; custom_margin=&#8221;-50px||||false|false&#8221; global_colors_info=&#8221;{}&#8221;][\/et_pb_divider][et_pb_text _builder_version=&#8221;4.22.1&#8243; _module_preset=&#8221;default&#8221; text_font=&#8221;Lato||||||||&#8221; text_text_color=&#8221;#b48843&#8243; text_font_size=&#8221;17px&#8221; header_font=&#8221;Playfair Display|||on|||||&#8221; header_text_color=&#8221;#b48843&#8243; header_font_size=&#8221;100px&#8221; header_6_font=&#8221;Playfair Display||||||||&#8221; header_6_text_color=&#8221;#b48843&#8243; header_6_font_size=&#8221;30px&#8221; hover_enabled=&#8221;0&#8243; global_colors_info=&#8221;{}&#8221; sticky_enabled=&#8221;0&#8243;]<\/p>\n<p>6 Rue Jean-Marie Merle 69120 Vaulx-en-Velin<\/p>\n<p><span style=\"color: #333300;\"><a href=\"tel:+3625550468\" style=\"color: #333300;\">tel.: +3625550468<\/a><\/span><\/p>\n<p>[\/et_pb_text][\/et_pb_column][et_pb_column type=&#8221;1_2&#8243; _builder_version=&#8221;4.16&#8243; _module_preset=&#8221;default&#8221; global_colors_info=&#8221;{}&#8221;][et_pb_text _builder_version=&#8221;4.22.1&#8243; _module_preset=&#8221;default&#8221; header_font=&#8221;Playfair Display|||on|||||&#8221; header_text_color=&#8221;#b48843&#8243; header_font_size=&#8221;100px&#8221; header_6_font=&#8221;Playfair Display||||||||&#8221; header_6_text_color=&#8221;#b48843&#8243; header_6_font_size=&#8221;30px&#8221; hover_enabled=&#8221;0&#8243; global_colors_info=&#8221;{}&#8221; sticky_enabled=&#8221;0&#8243;]<\/p>\n<h6>Limpex bv<\/h6>\n<p>Nederland, Frankrijk en Belgi\u00eb<\/p>\n<p>[\/et_pb_text][et_pb_divider color=&#8221;#b48843&#8243; divider_position=&#8221;bottom&#8221; _builder_version=&#8221;4.16&#8243; _module_preset=&#8221;default&#8221; width=&#8221;45%&#8221; custom_margin=&#8221;-50px||||false|false&#8221; global_colors_info=&#8221;{}&#8221;][\/et_pb_divider][et_pb_text _builder_version=&#8221;4.22.1&#8243; _module_preset=&#8221;default&#8221; text_font=&#8221;Lato||||||||&#8221; text_text_color=&#8221;#b48843&#8243; text_font_size=&#8221;17px&#8221; header_font=&#8221;Playfair Display|||on|||||&#8221; header_text_color=&#8221;#b48843&#8243; header_font_size=&#8221;100px&#8221; header_6_font=&#8221;Playfair Display||||||||&#8221; header_6_text_color=&#8221;#b48843&#8243; header_6_font_size=&#8221;30px&#8221; hover_enabled=&#8221;0&#8243; global_colors_info=&#8221;{}&#8221; sticky_enabled=&#8221;0&#8243;]<\/p>\n<p>Sleihagestraat 75<br \/>8840 Oostnieuwkerke<br \/>Belgi\u00eb<\/p>\n<p><span style=\"color: #003300;\"><a href=\"tel: +32 51 69 67 25\" style=\"color: #003300;\">tel: +32 51 69 67 25<\/a><\/span><br \/><a href=\"mailto:info@limpex.be\"><span style=\"color: #003300;\">e-mail:<\/span> <span style=\"color: #003300;\">info@limpex.be<\/span><\/a><\/p>\n<p>[\/et_pb_text][et_pb_divider color=&#8221;#b48843&#8243; divider_position=&#8221;bottom&#8221; _builder_version=&#8221;4.16&#8243; _module_preset=&#8221;default&#8221; width=&#8221;45%&#8221; custom_margin=&#8221;-50px||||false|false&#8221; global_colors_info=&#8221;{}&#8221;][\/et_pb_divider][\/et_pb_column][\/et_pb_row][et_pb_row _builder_version=&#8221;4.16&#8243; _module_preset=&#8221;default&#8221; global_colors_info=&#8221;{}&#8221;][et_pb_column type=&#8221;4_4&#8243; _builder_version=&#8221;4.16&#8243; _module_preset=&#8221;default&#8221; global_colors_info=&#8221;{}&#8221;][\/et_pb_column][\/et_pb_row][et_pb_row _builder_version=&#8221;4.16&#8243; _module_preset=&#8221;default&#8221; background_image=&#8221;https:\/\/koliberfood.com\/wp-content\/uploads\/2021\/03\/brush-czarny.png&#8221; background_size=&#8221;initial&#8221; width=&#8221;100%&#8221; max_width=&#8221;100%&#8221; custom_margin=&#8221;||||false|false&#8221; global_colors_info=&#8221;{}&#8221;][et_pb_column type=&#8221;4_4&#8243; _builder_version=&#8221;4.16&#8243; _module_preset=&#8221;default&#8221; global_colors_info=&#8221;{}&#8221;][\/et_pb_column][\/et_pb_row][\/et_pb_section]<\/p>\n","protected":false},"excerpt":{"rendered":"<p>Zijn onze burgersonze burgers moet gaan?Waar kun je het kopen? Vind onze burgers bij jou in de buurt en probeer ze uitAlis Distribution Frankrijk en Belgi\u00eb6 Rue Jean-Marie Merle 69120 Vaulx-en-Velin tel.: +3625550468Limpex bv Nederland, Frankrijk en Belgi\u00ebSleihagestraat 758840 OostnieuwkerkeBelgi\u00eb tel: +32 51 69 67 25e-mail: info@limpex.be<\/p>\n","protected":false},"author":2,"featured_media":0,"parent":0,"menu_order":0,"comment_status":"closed","ping_status":"closed","template":"","meta":{"_et_pb_use_builder":"on","_et_pb_old_content":"","_et_gb_content_width":"","footnotes":""},"class_list":["post-455","page","type-page","status-publish","hentry"],"_links":{"self":[{"href":"https:\/\/koliberfood.com\/nl\/wp-json\/wp\/v2\/pages\/455","targetHints":{"allow":["GET"]}}],"collection":[{"href":"https:\/\/koliberfood.com\/nl\/wp-json\/wp\/v2\/pages"}],"about":[{"href":"https:\/\/koliberfood.com\/nl\/wp-json\/wp\/v2\/types\/page"}],"author":[{"embeddable":true,"href":"https:\/\/koliberfood.com\/nl\/wp-json\/wp\/v2\/users\/2"}],"replies":[{"embeddable":true,"href":"https:\/\/koliberfood.com\/nl\/wp-json\/wp\/v2\/comments?post=455"}],"version-history":[{"count":1,"href":"https:\/\/koliberfood.com\/nl\/wp-json\/wp\/v2\/pages\/455\/revisions"}],"predecessor-version":[{"id":465,"href":"https:\/\/koliberfood.com\/nl\/wp-json\/wp\/v2\/pages\/455\/revisions\/465"}],"wp:attachment":[{"href":"https:\/\/koliberfood.com\/nl\/wp-json\/wp\/v2\/media?parent=455"}],"curies":[{"name":"wp","href":"https:\/\/api.w.org\/{rel}","templated":true}]}}